{"id":647,"date":"2015-11-28T00:11:28","date_gmt":"2015-11-27T23:11:28","guid":{"rendered":"http:\/\/www.conmedia.org\/?page_id=647"},"modified":"2026-02-04T13:40:15","modified_gmt":"2026-02-04T12:40:15","slug":"impressum","status":"publish","type":"page","link":"https:\/\/conmedia.org\/?page_id=647","title":{"rendered":"Impressum"},"content":{"rendered":"<p><span style=\"font-family: arial, helvetica, sans-serif;\">Diese Seite ist ein Projekt der<\/span><\/p>\n<p>Athenaris GmbH<br \/>\nPappelweg 8<br \/>\n65599 Dornburg<\/p>\n<p>Gesch\u00e4ftsf\u00fchrerin: Rebekka Aigner-Carmichael<br \/>\nHandelsregister Krefeld: HRB 19192<br \/>\nGr\u00fcndung: 28. Juni 2022<br \/>\nFinanzamt Krefeld<br \/>\nUSt-IdNr.: DE355378880<\/p>\n<p><span style=\"font-family: arial, helvetica, sans-serif;\">Telefon: (0231) 9819393012<\/span><br \/>\n<span style=\"font-family: arial, helvetica, sans-serif;\"> Telefax: (0231) 9819393099<\/span><br \/>\n<span style=\"font-family: arial, helvetica, sans-serif;\"> E-Mail: zentrale(@)conmedia(.)org<\/span><\/p>\n<p>&nbsp;<\/p>\n<p>&nbsp;<\/p>\n","protected":false},"excerpt":{"rendered":"<p>Diese Seite ist ein Projekt der Athenaris GmbH Pappelweg 8 65599 Dornburg Gesch\u00e4ftsf\u00fchrerin: Rebekka Aigner-Carmichael Handelsregister Krefeld: HRB 19192 Gr\u00fcndung: 28. Juni 2022 Finanzamt Krefeld USt-IdNr.: DE355378880 Telefon: (0231) 9819393012 Telefax: (0231) 9819393099 E-Mail: zentrale(@)conmedia(.)org &nbsp; &nbsp;<\/p>\n","protected":false},"author":1,"featured_media":0,"parent":0,"menu_order":0,"comment_status":"closed","ping_status":"closed","template":"","meta":{"_acf_changed":false,"footnotes":""},"class_list":["post-647","page","type-page","status-publish","hentry"],"acf":[],"_links":{"self":[{"href":"https:\/\/conmedia.org\/index.php?rest_route=\/wp\/v2\/pages\/647","targetHints":{"allow":["GET"]}}],"collection":[{"href":"https:\/\/conmedia.org\/index.php?rest_route=\/wp\/v2\/pages"}],"about":[{"href":"https:\/\/conmedia.org\/index.php?rest_route=\/wp\/v2\/types\/page"}],"author":[{"embeddable":true,"href":"https:\/\/conmedia.org\/index.php?rest_route=\/wp\/v2\/users\/1"}],"replies":[{"embeddable":true,"href":"https:\/\/conmedia.org\/index.php?rest_route=%2Fwp%2Fv2%2Fcomments&post=647"}],"version-history":[{"count":1,"href":"https:\/\/conmedia.org\/index.php?rest_route=\/wp\/v2\/pages\/647\/revisions"}],"predecessor-version":[{"id":105742,"href":"https:\/\/conmedia.org\/index.php?rest_route=\/wp\/v2\/pages\/647\/revisions\/105742"}],"wp:attachment":[{"href":"https:\/\/conmedia.org\/index.php?rest_route=%2Fwp%2Fv2%2Fmedia&parent=647"}],"curies":[{"name":"wp","href":"https:\/\/api.w.org\/{rel}","templated":true}]}}